{"id":201,"date":"2018-02-23T11:54:08","date_gmt":"2018-02-23T10:54:08","guid":{"rendered":"http:\/\/www.cabb-lille.fr\/?page_id=201"},"modified":"2019-08-30T16:15:14","modified_gmt":"2019-08-30T14:15:14","slug":"lassociation","status":"publish","type":"page","link":"http:\/\/www.cabb-lille.fr\/index.php\/lassociation\/","title":{"rendered":"L&#8217;association"},"content":{"rendered":"\t\t<div data-elementor-type=\"wp-post\" data-elementor-id=\"201\" class=\"elementor elementor-201\" data-elementor-settings=\"[]\">\n\t\t\t<div class=\"elementor-inner\">\n\t\t\t\t<div class=\"elementor-section-wrap\">\n\t\t\t\t\t\t\t<section class=\"elementor-element elementor-element-59a9906 elementor-section-boxed elementor-section-height-default elementor-section-height-default elementor-section elementor-top-section\" data-id=\"59a9906\" data-element_type=\"section\">\n\t\t\t\t\t\t<div class=\"elementor-container elementor-column-gap-default\">\n\t\t\t\t<div class=\"elementor-row\">\n\t\t\t\t<div class=\"elementor-element elementor-element-27cdc03 elementor-column elementor-col-50 elementor-top-column\" data-id=\"27cdc03\" data-element_type=\"column\">\n\t\t\t<div class=\"elementor-column-wrap  elementor-element-populated\">\n\t\t\t\t\t<div class=\"elementor-widget-wrap\">\n\t\t\t\t<div class=\"elementor-element elementor-element-8657b6f elementor-widget elementor-widget-text-editor\" data-id=\"8657b6f\" data-element_type=\"widget\" data-widget_type=\"text-editor.default\">\n\t\t\t\t<div class=\"elementor-widget-container\">\n\t\t\t\t\t<div class=\"elementor-text-editor elementor-clearfix\"><p>Le Comit\u00e9 d&#8217;Animation des Bois Blancs est une association loi 1901 &#8220;d&#8217;\u00e9ducation populaire&#8221; \u00e0 Lille. Depuis 1981 , il r\u00e9unit des habitants b\u00e9n\u00e9voles pour dynamiser la vie de ce quartier lillois en cr\u00e9ant du lien social et en favorisant la culture pour tous. De nombreux \u00e9v\u00e9nements festifs et activit\u00e9s culturelles sont ainsi organis\u00e9s tout au long de l&#8217;ann\u00e9e : braderies , f\u00eates de quartier ( Patrimoine , Allumoirs , Saint-Nicolas , Carnaval &#8230;) , expositions d&#8217;art contemporain \u00e0 l&#8217;espace Edouard Pignon , ateliers artistiques et sorties culturelles pour enfants et adultes , cin\u00e9\/d\u00e9bat &#8230;<\/p><\/div>\n\t\t\t\t<\/div>\n\t\t\t\t<\/div>\n\t\t\t\t\t\t<\/div>\n\t\t\t<\/div>\n\t\t<\/div>\n\t\t\t\t<div class=\"elementor-element elementor-element-4f1c5df elementor-column elementor-col-50 elementor-top-column\" data-id=\"4f1c5df\" data-element_type=\"column\">\n\t\t\t<div class=\"elementor-column-wrap  elementor-element-populated\">\n\t\t\t\t\t<div class=\"elementor-widget-wrap\">\n\t\t\t\t<div class=\"elementor-element elementor-element-e572ede elementor-widget elementor-widget-image\" data-id=\"e572ede\" data-element_type=\"widget\" data-widget_type=\"image.default\">\n\t\t\t\t<div class=\"elementor-widget-container\">\n\t\t\t\t\t<div class=\"elementor-image\">\n\t\t\t\t\t\t\t\t\t\t<img loading=\"lazy\" decoding=\"async\" width=\"640\" height=\"246\" src=\"http:\/\/www.cabb-lille.fr\/wp-content\/uploads\/2019\/07\/logo-CABB-Quadri-PNG-1024x393.png\" class=\"attachment-large size-large\" alt=\"Logo Comit\u00e9 dAnimation des Bois Blancs\" srcset=\"http:\/\/www.cabb-lille.fr\/wp-content\/uploads\/2019\/07\/logo-CABB-Quadri-PNG-1024x393.png 1024w, http:\/\/www.cabb-lille.fr\/wp-content\/uploads\/2019\/07\/logo-CABB-Quadri-PNG-300x115.png 300w, http:\/\/www.cabb-lille.fr\/wp-content\/uploads\/2019\/07\/logo-CABB-Quadri-PNG-768x295.png 768w, http:\/\/www.cabb-lille.fr\/wp-content\/uploads\/2019\/07\/logo-CABB-Quadri-PNG-720x276.png 720w, http:\/\/www.cabb-lille.fr\/wp-content\/uploads\/2019\/07\/logo-CABB-Quadri-PNG.png 1540w\" sizes=\"auto, (max-width: 640px) 100vw, 640px\" \/>\t\t\t\t\t\t\t\t\t\t\t<\/div>\n\t\t\t\t<\/div>\n\t\t\t\t<\/div>\n\t\t\t\t\t\t<\/div>\n\t\t\t<\/div>\n\t\t<\/div>\n\t\t\t\t\t\t<\/div>\n\t\t\t<\/div>\n\t\t<\/section>\n\t\t\t\t<section class=\"elementor-element elementor-element-a0b83aa elementor-section-boxed elementor-section-height-default elementor-section-height-default elementor-section elementor-top-section\" data-id=\"a0b83aa\" data-element_type=\"section\">\n\t\t\t\t\t\t<div class=\"elementor-container elementor-column-gap-default\">\n\t\t\t\t<div class=\"elementor-row\">\n\t\t\t\t<div class=\"elementor-element elementor-element-6d50969 elementor-column elementor-col-100 elementor-top-column\" data-id=\"6d50969\" data-element_type=\"column\">\n\t\t\t<div class=\"elementor-column-wrap  elementor-element-populated\">\n\t\t\t\t\t<div class=\"elementor-widget-wrap\">\n\t\t\t\t<div class=\"elementor-element elementor-element-a61c14d elementor-widget elementor-widget-text-editor\" data-id=\"a61c14d\" data-element_type=\"widget\" data-widget_type=\"text-editor.default\">\n\t\t\t\t<div class=\"elementor-widget-container\">\n\t\t\t\t\t<div class=\"elementor-text-editor elementor-clearfix\"><p>Plusieurs raisons d&#8217;adh\u00e9rer au CABB :<\/p><ul><li>Pour \u00eatre inform\u00e9 r\u00e9guli\u00e8rement de nos activit\u00e9s et y participer<\/li><li>Pour soutenir l&#8217;association et ses actions<\/li><li>Pour devenir b\u00e9n\u00e9vole et s&#8217;investir selon vos go\u00fbts et vos possibilit\u00e9s au sein des commissions<\/li><li>Pour proposer des projets<\/li><li>et surtout :<\/li><\/ul><p>POUR PARTICIPER ACTIVEMENT A LA VIE DE VOTRE QUARTIER !<\/p><\/div>\n\t\t\t\t<\/div>\n\t\t\t\t<\/div>\n\t\t\t\t\t\t<\/div>\n\t\t\t<\/div>\n\t\t<\/div>\n\t\t\t\t\t\t<\/div>\n\t\t\t<\/div>\n\t\t<\/section>\n\t\t\t\t<section class=\"elementor-element elementor-element-5870b6b elementor-section-boxed elementor-section-height-default elementor-section-height-default elementor-section elementor-top-section\" data-id=\"5870b6b\" data-element_type=\"section\">\n\t\t\t\t\t\t<div class=\"elementor-container elementor-column-gap-default\">\n\t\t\t\t<div class=\"elementor-row\">\n\t\t\t\t<div class=\"elementor-element elementor-element-25d6d94 elementor-column elementor-col-100 elementor-top-column\" data-id=\"25d6d94\" data-element_type=\"column\">\n\t\t\t<div class=\"elementor-column-wrap  elementor-element-populated\">\n\t\t\t\t\t<div class=\"elementor-widget-wrap\">\n\t\t\t\t<div class=\"elementor-element elementor-element-d080215 elementor-widget elementor-widget-google_maps\" data-id=\"d080215\" data-element_type=\"widget\" data-widget_type=\"google_maps.default\">\n\t\t\t\t<div class=\"elementor-widget-container\">\n\t\t\t<div class=\"elementor-custom-embed\"><iframe frameborder=\"0\" scrolling=\"no\" marginheight=\"0\" marginwidth=\"0\" src=\"https:\/\/maps.google.com\/maps?q=CABB&amp;t=m&amp;z=13&amp;output=embed&amp;iwloc=near\" aria-label=\"CABB\"><\/iframe><\/div>\t\t<\/div>\n\t\t\t\t<\/div>\n\t\t\t\t\t\t<\/div>\n\t\t\t<\/div>\n\t\t<\/div>\n\t\t\t\t\t\t<\/div>\n\t\t\t<\/div>\n\t\t<\/section>\n\t\t\t\t\t\t<\/div>\n\t\t\t<\/div>\n\t\t<\/div>\n\t\t","protected":false},"excerpt":{"rendered":"<p>Le Comit\u00e9 d&#8217;Animation des Bois Blancs est une association loi 1901 &#8220;d&#8217;\u00e9ducation populaire&#8221; \u00e0 Lille. Depuis 1981 , il r\u00e9unit des habitants b\u00e9n\u00e9voles pour dynamiser la vie de ce quartier lillois en cr\u00e9ant du lien social et en favorisant la [&hellip;]<\/p>\n","protected":false},"author":1,"featured_media":0,"parent":0,"menu_order":0,"comment_status":"closed","ping_status":"closed","template":"","meta":{"_monsterinsights_skip_tracking":false,"_monsterinsights_sitenote_active":false,"_monsterinsights_sitenote_note":"","_monsterinsights_sitenote_category":0,"amp_status":"","footnotes":""},"class_list":["post-201","page","type-page","status-publish","hentry"],"_links":{"self":[{"href":"http:\/\/www.cabb-lille.fr\/index.php\/wp-json\/wp\/v2\/pages\/201","targetHints":{"allow":["GET"]}}],"collection":[{"href":"http:\/\/www.cabb-lille.fr\/index.php\/wp-json\/wp\/v2\/pages"}],"about":[{"href":"http:\/\/www.cabb-lille.fr\/index.php\/wp-json\/wp\/v2\/types\/page"}],"author":[{"embeddable":true,"href":"http:\/\/www.cabb-lille.fr\/index.php\/wp-json\/wp\/v2\/users\/1"}],"replies":[{"embeddable":true,"href":"http:\/\/www.cabb-lille.fr\/index.php\/wp-json\/wp\/v2\/comments?post=201"}],"version-history":[{"count":6,"href":"http:\/\/www.cabb-lille.fr\/index.php\/wp-json\/wp\/v2\/pages\/201\/revisions"}],"predecessor-version":[{"id":1024,"href":"http:\/\/www.cabb-lille.fr\/index.php\/wp-json\/wp\/v2\/pages\/201\/revisions\/1024"}],"wp:attachment":[{"href":"http:\/\/www.cabb-lille.fr\/index.php\/wp-json\/wp\/v2\/media?parent=201"}],"curies":[{"name":"wp","href":"https:\/\/api.w.org\/{rel}","templated":true}]}}