{"id":2310,"date":"2020-11-21T17:02:17","date_gmt":"2020-11-21T16:02:17","guid":{"rendered":"http:\/\/www.cabb-lille.fr\/?page_id=2310"},"modified":"2020-11-23T15:25:11","modified_gmt":"2020-11-23T14:25:11","slug":"reserver-une-oeuvre","status":"publish","type":"page","link":"https:\/\/www.cabb-lille.fr\/index.php\/reserver-une-oeuvre\/","title":{"rendered":"R\u00e9server une \u0153uvre et\/ou des tickets de loterie"},"content":{"rendered":"<p>Pour r\u00e9server une \u0153uvre et\/ou acheter des tickets de loterie, il vous suffit de compl\u00e9ter le formulaire suivant en pr\u00e9cisant le nom du (ou des) cr\u00e9ateur(s), l\u2019\u0153uvre (ou les \u0153uvres) s\u00e9lectionn\u00e9e(s).<\/p>\n<p>Un mail vous sera envoy\u00e9 pour valider votre commande et vous permettra de choisir un cr\u00e9neau de retrait.<\/p>\n<div role=\"form\" class=\"wpcf7\" id=\"wpcf7-f2476-o1\" lang=\"fr-FR\" dir=\"ltr\">\n<div class=\"screen-reader-response\"><\/div>\n<form action=\"\/index.php\/wp-json\/wp\/v2\/pages\/2310#wpcf7-f2476-o1\" method=\"post\" class=\"wpcf7-form\" novalidate=\"novalidate\">\n<div style=\"display: none;\">\n<input type=\"hidden\" name=\"_wpcf7\" value=\"2476\" \/>\n<input type=\"hidden\" name=\"_wpcf7_version\" value=\"5.1.4\" \/>\n<input type=\"hidden\" name=\"_wpcf7_locale\" value=\"fr_FR\" \/>\n<input type=\"hidden\" name=\"_wpcf7_unit_tag\" value=\"wpcf7-f2476-o1\" \/>\n<input type=\"hidden\" name=\"_wpcf7_container_post\" value=\"0\" \/>\n<\/div>\n<p><label> Votre nom (obligatoire)<br \/>\n    <span class=\"wpcf7-form-control-wrap your-name\"><input type=\"text\" name=\"your-name\" value=\"\" size=\"40\" class=\"wpcf7-form-control wpcf7-text wpcf7-validates-as-required\" aria-required=\"true\" aria-invalid=\"false\" \/><\/span> <\/label><\/p>\n<p><label> Votre adresse de messagerie (obligatoire)<br \/>\n    <span class=\"wpcf7-form-control-wrap your-email\"><input type=\"email\" name=\"your-email\" value=\"\" size=\"40\" class=\"wpcf7-form-control wpcf7-text wpcf7-email wpcf7-validates-as-required wpcf7-validates-as-email\" aria-required=\"true\" aria-invalid=\"false\" \/><\/span> <\/label><\/p>\n<p><label> Objet<br \/>\n    <span class=\"wpcf7-form-control-wrap your-subject\"><input type=\"text\" name=\"your-subject\" value=\"\" size=\"40\" class=\"wpcf7-form-control wpcf7-text\" aria-invalid=\"false\" \/><\/span> <\/label><\/p>\n<p><label> Votre message<br \/>\n    <span class=\"wpcf7-form-control-wrap your-message\"><textarea name=\"your-message\" cols=\"40\" rows=\"10\" class=\"wpcf7-form-control wpcf7-textarea\" aria-invalid=\"false\"><\/textarea><\/span> <\/label><\/p>\n<p><input type=\"submit\" value=\"Envoyer\" class=\"wpcf7-form-control wpcf7-submit\" \/><\/p>\n<div class=\"wpcf7-response-output wpcf7-display-none\"><\/div><\/form><\/div>\n<p><a role=\"button\" href=\"http:\/\/www.cabb-lille.fr\/index.php\/le-petit-marche-dedouard-p\/\"><br \/>\nRetour au Petit March\u00e9 d&#8217;Edouard P.<br \/>\n<\/a><\/p>\n","protected":false},"excerpt":{"rendered":"<p>Pour r\u00e9server une \u0153uvre et\/ou acheter des tickets de loterie, il vous suffit de compl\u00e9ter le formulaire suivant en pr\u00e9cisant le nom du (ou des) cr\u00e9ateur(s), l\u2019\u0153uvre (ou les \u0153uvres) s\u00e9lectionn\u00e9e(s). Un mail vous sera envoy\u00e9 pour valider votre commande [&hellip;]<\/p>\n","protected":false},"author":1,"featured_media":0,"parent":0,"menu_order":0,"comment_status":"closed","ping_status":"closed","template":"","meta":{"_monsterinsights_skip_tracking":false,"_monsterinsights_sitenote_active":false,"_monsterinsights_sitenote_note":"","_monsterinsights_sitenote_category":0,"amp_status":"","footnotes":""},"class_list":["post-2310","page","type-page","status-publish","hentry"],"_links":{"self":[{"href":"https:\/\/www.cabb-lille.fr\/index.php\/wp-json\/wp\/v2\/pages\/2310","targetHints":{"allow":["GET"]}}],"collection":[{"href":"https:\/\/www.cabb-lille.fr\/index.php\/wp-json\/wp\/v2\/pages"}],"about":[{"href":"https:\/\/www.cabb-lille.fr\/index.php\/wp-json\/wp\/v2\/types\/page"}],"author":[{"embeddable":true,"href":"https:\/\/www.cabb-lille.fr\/index.php\/wp-json\/wp\/v2\/users\/1"}],"replies":[{"embeddable":true,"href":"https:\/\/www.cabb-lille.fr\/index.php\/wp-json\/wp\/v2\/comments?post=2310"}],"version-history":[{"count":9,"href":"https:\/\/www.cabb-lille.fr\/index.php\/wp-json\/wp\/v2\/pages\/2310\/revisions"}],"predecessor-version":[{"id":2477,"href":"https:\/\/www.cabb-lille.fr\/index.php\/wp-json\/wp\/v2\/pages\/2310\/revisions\/2477"}],"wp:attachment":[{"href":"https:\/\/www.cabb-lille.fr\/index.php\/wp-json\/wp\/v2\/media?parent=2310"}],"curies":[{"name":"wp","href":"https:\/\/api.w.org\/{rel}","templated":true}]}}