{"id":2371,"date":"2020-11-22T13:03:34","date_gmt":"2020-11-22T12:03:34","guid":{"rendered":"http:\/\/www.cabb-lille.fr\/?page_id=2371"},"modified":"2020-11-30T11:53:53","modified_gmt":"2020-11-30T10:53:53","slug":"la-loterie-du-petit-marche-dedouard-p","status":"publish","type":"page","link":"https:\/\/www.cabb-lille.fr\/index.php\/la-loterie-du-petit-marche-dedouard-p\/","title":{"rendered":"La loterie du Petit March\u00e9 d\u2019\u00c9douard P."},"content":{"rendered":"\t\t<div data-elementor-type=\"wp-page\" data-elementor-id=\"2371\" class=\"elementor elementor-2371\" data-elementor-settings=\"[]\">\n\t\t\t<div class=\"elementor-inner\">\n\t\t\t\t<div class=\"elementor-section-wrap\">\n\t\t\t\t\t\t\t<section class=\"elementor-element elementor-element-26ec11e elementor-section-boxed elementor-section-height-default elementor-section-height-default elementor-section elementor-top-section\" data-id=\"26ec11e\" data-element_type=\"section\">\n\t\t\t\t\t\t<div class=\"elementor-container elementor-column-gap-default\">\n\t\t\t\t<div class=\"elementor-row\">\n\t\t\t\t<div class=\"elementor-element elementor-element-c95737b elementor-column elementor-col-100 elementor-top-column\" data-id=\"c95737b\" data-element_type=\"column\">\n\t\t\t<div class=\"elementor-column-wrap  elementor-element-populated\">\n\t\t\t\t\t<div class=\"elementor-widget-wrap\">\n\t\t\t\t<div class=\"elementor-element elementor-element-be9bba8 elementor-widget elementor-widget-text-editor\" data-id=\"be9bba8\" data-element_type=\"widget\" data-widget_type=\"text-editor.default\">\n\t\t\t\t<div class=\"elementor-widget-container\">\n\t\t\t\t\t<div class=\"elementor-text-editor elementor-clearfix\"><p><strong>Petits veinards !<\/strong> Savez-vous que vous pouvez gagner une magnifique \u0153uvre propos\u00e9e par nos g\u00e9n\u00e9reux cr\u00e9ateurs du Petit March\u00e9 !<\/p><p>Comment ? En achetant vos tickets (1\u20ac) et en attendant f\u00e9brilement le tirage au sort qui aura lieu le dimanche soir.<\/p><p><strong>Pour l&#8217;achat et le retrait des tickets<\/strong>, si vous avez command\u00e9 des \u0153uvres, vous pourrez les acheter en m\u00eame temps \u00e0 l&#8217;Espace Pignon lors du cr\u00e9neau horaire que vous aurez choisi. Si vous n&#8217;avez pas command\u00e9 d&#8217;\u0153uvre, vous pouvez \u00e9galement choisir un cr\u00e9neau horaire pour venir simplement prendre vos tickets, en remplissant <a href=\"http:\/\/www.cabb-lille.fr\/index.php\/reserver-une-oeuvre\/\">le formulaire<\/a>.<\/p><p>Et si vous \u00eates un petit veinard ! <strong>Apr\u00e8s le 6 d\u00e9cembre<\/strong>, vous aurez vite de nos nouvelles !<\/p><p>Chaque ann\u00e9e, la recette de la loterie est utilis\u00e9e pour autofinancer une partie de l&#8217;organisation du Petit March\u00e9 d\u2019\u00c9douard P. (spectacles, go\u00fbter&#8230;). Ces \u00e9v\u00e9nements festifs ne pouvant avoir lieu, nous avons n\u00e9anmoins d\u00e9cid\u00e9 de maintenir la loterie et de reverser <strong>la recette au Restos du c\u0153ur de notre cher quartier des Bois-Blancs<\/strong>.<\/p><p>D\u00e9couvrez ci-dessous les lots mis en jeu :<\/p><\/div>\n\t\t\t\t<\/div>\n\t\t\t\t<\/div>\n\t\t\t\t\t\t<\/div>\n\t\t\t<\/div>\n\t\t<\/div>\n\t\t\t\t\t\t<\/div>\n\t\t\t<\/div>\n\t\t<\/section>\n\t\t\t\t<section class=\"elementor-element elementor-element-d1646ab elementor-section-boxed elementor-section-height-default elementor-section-height-default elementor-section elementor-top-section\" data-id=\"d1646ab\" data-element_type=\"section\">\n\t\t\t\t\t\t<div class=\"elementor-container elementor-column-gap-default\">\n\t\t\t\t<div class=\"elementor-row\">\n\t\t\t\t<div class=\"elementor-element elementor-element-428fc47 elementor-column elementor-col-100 elementor-top-column\" data-id=\"428fc47\" data-element_type=\"column\">\n\t\t\t<div class=\"elementor-column-wrap  elementor-element-populated\">\n\t\t\t\t\t<div class=\"elementor-widget-wrap\">\n\t\t\t\t<div class=\"elementor-element elementor-element-50ae185 elementor-arrows-position-inside elementor-pagination-position-outside elementor-widget elementor-widget-image-carousel\" data-id=\"50ae185\" data-element_type=\"widget\" data-settings=\"{&quot;navigation&quot;:&quot;both&quot;,&quot;pause_on_hover&quot;:&quot;yes&quot;,&quot;autoplay&quot;:&quot;yes&quot;,&quot;autoplay_speed&quot;:5000,&quot;infinite&quot;:&quot;yes&quot;,&quot;speed&quot;:500,&quot;direction&quot;:&quot;ltr&quot;}\" data-widget_type=\"image-carousel.default\">\n\t\t\t\t<div class=\"elementor-widget-container\">\n\t\t\t\t\t<div class=\"elementor-image-carousel-wrapper swiper-container\" dir=\"ltr\">\n\t\t\t<div class=\"elementor-image-carousel swiper-wrapper\">\n\t\t\t\t<div class=\"swiper-slide\"><figure class=\"swiper-slide-inner\"><img decoding=\"async\" class=\"swiper-slide-image\" src=\"https:\/\/www.cabb-lille.fr\/wp-content\/uploads\/2020\/11\/atelier-Celadon_sq-150x150.jpg\" alt=\"Atelier Celadon\" \/><\/figure><\/div><div class=\"swiper-slide\"><figure class=\"swiper-slide-inner\"><img decoding=\"async\" class=\"swiper-slide-image\" src=\"https:\/\/www.cabb-lille.fr\/wp-content\/uploads\/2020\/11\/virginie-Demey_sq-150x150.jpg\" alt=\"Virginie Demey\" \/><\/figure><\/div><div class=\"swiper-slide\"><figure class=\"swiper-slide-inner\"><img decoding=\"async\" class=\"swiper-slide-image\" src=\"https:\/\/www.cabb-lille.fr\/wp-content\/uploads\/2020\/11\/clouk_sq-150x150.jpg\" alt=\"Clo\u00fck\" \/><\/figure><\/div><div class=\"swiper-slide\"><figure class=\"swiper-slide-inner\"><img decoding=\"async\" class=\"swiper-slide-image\" src=\"https:\/\/www.cabb-lille.fr\/wp-content\/uploads\/2020\/11\/pascale-Piret_sq-150x150.jpg\" alt=\"Pascale Piret\" \/><\/figure><\/div><div class=\"swiper-slide\"><figure class=\"swiper-slide-inner\"><img decoding=\"async\" class=\"swiper-slide-image\" src=\"https:\/\/www.cabb-lille.fr\/wp-content\/uploads\/2020\/11\/Fanny-Pinel_1_sq-150x150.jpg\" alt=\"Fanny Pinel_(1)_sq\" \/><\/figure><\/div><div class=\"swiper-slide\"><figure class=\"swiper-slide-inner\"><img decoding=\"async\" class=\"swiper-slide-image\" src=\"https:\/\/www.cabb-lille.fr\/wp-content\/uploads\/2020\/11\/jioa-bijou-150x150.jpg\" alt=\"Jioa Cr\u00e9ations\" \/><\/figure><\/div><div class=\"swiper-slide\"><figure class=\"swiper-slide-inner\"><img decoding=\"async\" class=\"swiper-slide-image\" src=\"https:\/\/www.cabb-lille.fr\/wp-content\/uploads\/2020\/11\/FLOOO_sq-150x150.jpg\" alt=\"Flooo\" \/><\/figure><\/div><div class=\"swiper-slide\"><figure class=\"swiper-slide-inner\"><img decoding=\"async\" class=\"swiper-slide-image\" src=\"https:\/\/www.cabb-lille.fr\/wp-content\/uploads\/2020\/11\/colin-bumac_sq-150x150.jpg\" alt=\"Colin Bumac\" \/><\/figure><\/div><div class=\"swiper-slide\"><figure class=\"swiper-slide-inner\"><img decoding=\"async\" class=\"swiper-slide-image\" src=\"https:\/\/www.cabb-lille.fr\/wp-content\/uploads\/2020\/11\/mathilde-malapel_sq-1-150x150.jpg\" alt=\"MAthilde Malapel\" \/><\/figure><\/div><div class=\"swiper-slide\"><figure class=\"swiper-slide-inner\"><img decoding=\"async\" class=\"swiper-slide-image\" src=\"https:\/\/www.cabb-lille.fr\/wp-content\/uploads\/2020\/11\/yael_sq-150x150.jpg\" alt=\"C\u00e9ramique.Par.Ya\" \/><\/figure><\/div><div class=\"swiper-slide\"><figure class=\"swiper-slide-inner\"><img decoding=\"async\" class=\"swiper-slide-image\" src=\"https:\/\/www.cabb-lille.fr\/wp-content\/uploads\/2020\/11\/Fanny-Pinel_sq-150x150.jpg\" alt=\"Fanny Pinel_sq\" \/><\/figure><\/div><div class=\"swiper-slide\"><figure class=\"swiper-slide-inner\"><img decoding=\"async\" class=\"swiper-slide-image\" src=\"https:\/\/www.cabb-lille.fr\/wp-content\/uploads\/2020\/11\/val\u00e9rie-Dufourny_sq-150x150.jpg\" alt=\"Val\u00e9rie Dufourny\" \/><\/figure><\/div><div class=\"swiper-slide\"><figure class=\"swiper-slide-inner\"><img decoding=\"async\" class=\"swiper-slide-image\" src=\"https:\/\/www.cabb-lille.fr\/wp-content\/uploads\/2020\/11\/Adrian-Bauduin_sq-150x150.jpg\" alt=\"Adrian Bauduin_sq\" \/><\/figure><\/div><div class=\"swiper-slide\"><figure class=\"swiper-slide-inner\"><img decoding=\"async\" class=\"swiper-slide-image\" src=\"https:\/\/www.cabb-lille.fr\/wp-content\/uploads\/2020\/11\/madjikarite_sq-150x150.jpg\" alt=\"Madjikarit\u00e9\" \/><\/figure><\/div><div class=\"swiper-slide\"><figure class=\"swiper-slide-inner\"><img decoding=\"async\" class=\"swiper-slide-image\" src=\"https:\/\/www.cabb-lille.fr\/wp-content\/uploads\/2020\/11\/lulo-cosm\u00e9tique_sq-150x150.jpg\" alt=\"Lulo Cosm\u00e9tiques\" \/><\/figure><\/div><div class=\"swiper-slide\"><figure class=\"swiper-slide-inner\"><img decoding=\"async\" class=\"swiper-slide-image\" src=\"https:\/\/www.cabb-lille.fr\/wp-content\/uploads\/2020\/11\/la-sylve-_sq-150x150.jpg\" alt=\"La Sylve\" \/><\/figure><\/div><div class=\"swiper-slide\"><figure class=\"swiper-slide-inner\"><img decoding=\"async\" class=\"swiper-slide-image\" src=\"https:\/\/www.cabb-lille.fr\/wp-content\/uploads\/2020\/11\/Emilie-Daubresse_sq-150x150.jpg\" alt=\"Emilie Daubresse\" \/><\/figure><\/div><div class=\"swiper-slide\"><figure class=\"swiper-slide-inner\"><img decoding=\"async\" class=\"swiper-slide-image\" src=\"https:\/\/www.cabb-lille.fr\/wp-content\/uploads\/2020\/11\/IMG_20201130_115014_sq-150x150.jpg\" alt=\"Houblons-nous\" \/><\/figure><\/div>\t\t\t<\/div>\n\t\t\t\t\t\t\t\t\t\t\t\t<div class=\"swiper-pagination\"><\/div>\n\t\t\t\t\t\t\t\t\t\t\t\t\t<div class=\"elementor-swiper-button elementor-swiper-button-prev\">\n\t\t\t\t\t\t<i class=\"eicon-chevron-left\" aria-hidden=\"true\"><\/i>\n\t\t\t\t\t\t<span class=\"elementor-screen-only\">Pr\u00e9c\u00e9dent<\/span>\n\t\t\t\t\t<\/div>\n\t\t\t\t\t<div class=\"elementor-swiper-button elementor-swiper-button-next\">\n\t\t\t\t\t\t<i class=\"eicon-chevron-right\" aria-hidden=\"true\"><\/i>\n\t\t\t\t\t\t<span class=\"elementor-screen-only\">Suivant<\/span>\n\t\t\t\t\t<\/div>\n\t\t\t\t\t\t\t\t\t<\/div>\n\t\t\t\t<\/div>\n\t\t\t\t<\/div>\n\t\t\t\t\t\t<\/div>\n\t\t\t<\/div>\n\t\t<\/div>\n\t\t\t\t\t\t<\/div>\n\t\t\t<\/div>\n\t\t<\/section>\n\t\t\t\t<section class=\"elementor-element elementor-element-ff11fd7 elementor-section-boxed elementor-section-height-default elementor-section-height-default elementor-section elementor-top-section\" data-id=\"ff11fd7\" data-element_type=\"section\">\n\t\t\t\t\t\t<div class=\"elementor-container elementor-column-gap-default\">\n\t\t\t\t<div class=\"elementor-row\">\n\t\t\t\t<div class=\"elementor-element elementor-element-f34d5d8 elementor-column elementor-col-100 elementor-top-column\" data-id=\"f34d5d8\" data-element_type=\"column\">\n\t\t\t<div class=\"elementor-column-wrap  elementor-element-populated\">\n\t\t\t\t\t<div class=\"elementor-widget-wrap\">\n\t\t\t\t<div class=\"elementor-element elementor-element-4b92dde elementor-align-center elementor-widget elementor-widget-button\" data-id=\"4b92dde\" data-element_type=\"widget\" data-widget_type=\"button.default\">\n\t\t\t\t<div class=\"elementor-widget-container\">\n\t\t\t\t\t<div class=\"elementor-button-wrapper\">\n\t\t\t<a href=\"http:\/\/www.cabb-lille.fr\/index.php\/le-petit-marche-dedouard-p\/\" class=\"elementor-button-link elementor-button elementor-size-sm\" role=\"button\">\n\t\t\t\t\t\t<span class=\"elementor-button-content-wrapper\">\n\t\t\t\t\t\t<span class=\"elementor-button-text\">Retour au Petit March\u00e9 d'Edouard P.<\/span>\n\t\t<\/span>\n\t\t\t\t\t<\/a>\n\t\t<\/div>\n\t\t\t\t<\/div>\n\t\t\t\t<\/div>\n\t\t\t\t\t\t<\/div>\n\t\t\t<\/div>\n\t\t<\/div>\n\t\t\t\t\t\t<\/div>\n\t\t\t<\/div>\n\t\t<\/section>\n\t\t\t\t\t\t<\/div>\n\t\t\t<\/div>\n\t\t<\/div>\n\t\t","protected":false},"excerpt":{"rendered":"<p>Petits veinards ! Savez-vous que vous pouvez gagner une magnifique \u0153uvre propos\u00e9e par nos g\u00e9n\u00e9reux cr\u00e9ateurs du Petit March\u00e9 ! Comment ? En achetant vos tickets (1\u20ac) et en attendant f\u00e9brilement le tirage au sort qui aura lieu le dimanche [&hellip;]<\/p>\n","protected":false},"author":1,"featured_media":0,"parent":0,"menu_order":0,"comment_status":"closed","ping_status":"closed","template":"","meta":{"_monsterinsights_skip_tracking":false,"_monsterinsights_sitenote_active":false,"_monsterinsights_sitenote_note":"","_monsterinsights_sitenote_category":0,"amp_status":"","footnotes":""},"class_list":["post-2371","page","type-page","status-publish","hentry"],"_links":{"self":[{"href":"https:\/\/www.cabb-lille.fr\/index.php\/wp-json\/wp\/v2\/pages\/2371","targetHints":{"allow":["GET"]}}],"collection":[{"href":"https:\/\/www.cabb-lille.fr\/index.php\/wp-json\/wp\/v2\/pages"}],"about":[{"href":"https:\/\/www.cabb-lille.fr\/index.php\/wp-json\/wp\/v2\/types\/page"}],"author":[{"embeddable":true,"href":"https:\/\/www.cabb-lille.fr\/index.php\/wp-json\/wp\/v2\/users\/1"}],"replies":[{"embeddable":true,"href":"https:\/\/www.cabb-lille.fr\/index.php\/wp-json\/wp\/v2\/comments?post=2371"}],"version-history":[{"count":10,"href":"https:\/\/www.cabb-lille.fr\/index.php\/wp-json\/wp\/v2\/pages\/2371\/revisions"}],"predecessor-version":[{"id":2705,"href":"https:\/\/www.cabb-lille.fr\/index.php\/wp-json\/wp\/v2\/pages\/2371\/revisions\/2705"}],"wp:attachment":[{"href":"https:\/\/www.cabb-lille.fr\/index.php\/wp-json\/wp\/v2\/media?parent=2371"}],"curies":[{"name":"wp","href":"https:\/\/api.w.org\/{rel}","templated":true}]}}